{"id":1585,"date":"2025-06-14T23:48:10","date_gmt":"2025-06-14T21:48:10","guid":{"rendered":"https:\/\/semacestudio.com\/?page_id=1585"},"modified":"2025-06-15T05:00:57","modified_gmt":"2025-06-15T03:00:57","slug":"orolegal","status":"publish","type":"page","link":"https:\/\/semacestudio.com\/?page_id=1585","title":{"rendered":"Orolegal"},"content":{"rendered":"\t\t<div data-elementor-type=\"wp-page\" data-elementor-id=\"1585\" class=\"elementor elementor-1585\" data-elementor-post-type=\"page\">\n\t\t\t\t<div class=\"elementor-element elementor-element-6e2d48be e-con-full e-flex e-con e-parent\" data-id=\"6e2d48be\" data-element_type=\"container\">\n\t\t\t\t<div class=\"elementor-element elementor-element-16141710 elementor-widget elementor-widget-image\" data-id=\"16141710\" data-element_type=\"widget\" data-widget_type=\"image.default\">\n\t\t\t\t<div class=\"elementor-widget-container\">\n\t\t\t\t\t\t\t\t\t\t\t\t\t\t\t<img fetchpriority=\"high\" decoding=\"async\" width=\"1920\" height=\"1440\" src=\"https:\/\/semacestudio.com\/wp-content\/uploads\/2025\/06\/Tarjetas.jpg\" class=\"attachment-full size-full wp-image-1636\" alt=\"\" srcset=\"https:\/\/semacestudio.com\/wp-content\/uploads\/2025\/06\/Tarjetas.jpg 1920w, https:\/\/semacestudio.com\/wp-content\/uploads\/2025\/06\/Tarjetas-300x225.jpg 300w, https:\/\/semacestudio.com\/wp-content\/uploads\/2025\/06\/Tarjetas-1024x768.jpg 1024w, https:\/\/semacestudio.com\/wp-content\/uploads\/2025\/06\/Tarjetas-768x576.jpg 768w, https:\/\/semacestudio.com\/wp-content\/uploads\/2025\/06\/Tarjetas-1536x1152.jpg 1536w\" sizes=\"(max-width: 1920px) 100vw, 1920px\" \/>\t\t\t\t\t\t\t\t\t\t\t\t\t\t\t<\/div>\n\t\t\t\t<\/div>\n\t\t\t\t<\/div>\n\t\t<div class=\"elementor-element elementor-element-ce5ae23 e-con-full e-flex e-con e-parent\" data-id=\"ce5ae23\" data-element_type=\"container\">\n\t\t<div class=\"elementor-element elementor-element-6d86914b e-con-full e-flex e-con e-child\" data-id=\"6d86914b\" data-element_type=\"container\" data-settings=\"{&quot;sticky&quot;:&quot;top&quot;,&quot;sticky_on&quot;:[&quot;desktop&quot;],&quot;sticky_offset&quot;:120,&quot;sticky_parent&quot;:&quot;yes&quot;,&quot;sticky_effects_offset&quot;:0,&quot;sticky_anchor_link_offset&quot;:0}\">\n\t\t\t\t<div class=\"elementor-element elementor-element-42cc6005 elementor-widget elementor-widget-heading\" data-id=\"42cc6005\" data-element_type=\"widget\" data-widget_type=\"heading.default\">\n\t\t\t\t<div class=\"elementor-widget-container\">\n\t\t\t\t\t<h2 class=\"elementor-heading-title elementor-size-default\">Orolegal \/ Rebrand<\/h2>\t\t\t\t<\/div>\n\t\t\t\t<\/div>\n\t\t\t\t<div class=\"elementor-element elementor-element-29eacebf elementor-widget elementor-widget-text-editor\" data-id=\"29eacebf\" data-element_type=\"widget\" data-widget_type=\"text-editor.default\">\n\t\t\t\t<div class=\"elementor-widget-container\">\n\t\t\t\t\t\t\t\t\t<p>OROLEGAL es una consultor\u00eda jur\u00eddica que ha transformado su identidad visual para reflejar su crecimiento y la consolidaci\u00f3n de un equipo de profesionales.<\/p><p><span class=\"citation-74 citation-end-74\">El rebranding busca modernizar un isologo anterior \u00absobrecargado de elementos\u00bb y con \u00abexcesividad de detalle en los colores\u00bb<\/span>, hacia una imagen m\u00e1s atemporal y simplificada.<\/p><p><span class=\"citation-73 citation-end-73\">El nuevo concepto se basa en \u00abmenos es m\u00e1s\u00bb <\/span><span class=\"citation-72 citation-end-72\">, con un isotipo que simboliza la inicial &#8216;O&#8217;, la uni\u00f3n y la fuerza de los seis socios<\/span>.<\/p><p><span class=\"citation-71 citation-end-71\">La tipograf\u00eda \u00abDIN PRO\u00bb, una sans serif vers\u00e1til, fue elegida por su sofisticaci\u00f3n y atemporalidad<\/span>.<\/p><p><span class=\"citation-70 citation-end-70\">La paleta de colores utiliza tonos oscuros con contrastes para transmitir elegancia, compromiso y profesionalismo, evitando la saturaci\u00f3n de dorados en el mercado<\/span>.<\/p><p><span class=\"citation-69 citation-end-69\">La marca se presenta con versiones horizontal, vertical y de favicon para adaptarse a diversas plataformas <\/span><span class=\"citation-68 citation-end-68\">, reafirmando su compromiso con un servicio legal completo, innovador y eficaz para sus clientes<\/span>.<\/p>\t\t\t\t\t\t\t\t<\/div>\n\t\t\t\t<\/div>\n\t\t\t\t<\/div>\n\t\t<div class=\"elementor-element elementor-element-3f72b769 e-con-full e-flex e-con e-child\" data-id=\"3f72b769\" data-element_type=\"container\">\n\t\t\t\t<div class=\"elementor-element elementor-element-41939d0 elementor-widget elementor-widget-image-gallery\" data-id=\"41939d0\" data-element_type=\"widget\" data-widget_type=\"image-gallery.default\">\n\t\t\t\t<div class=\"elementor-widget-container\">\n\t\t\t\t\t\t\t<div class=\"elementor-image-gallery\">\n\t\t\t<div id='gallery-1' class='gallery galleryid-1585 gallery-columns-1 gallery-size-full'><figure class='gallery-item'>\n\t\t\t<div class='gallery-icon landscape'>\n\t\t\t\t<a data-elementor-open-lightbox=\"yes\" data-elementor-lightbox-slideshow=\"41939d0\" data-elementor-lightbox-title=\"antes_oro_legal\" data-e-action-hash=\"#elementor-action%3Aaction%3Dlightbox%26settings%3DeyJpZCI6MTYyOSwidXJsIjoiaHR0cHM6XC9cL3NlbWFjZXN0dWRpby5jb21cL3dwLWNvbnRlbnRcL3VwbG9hZHNcLzIwMjVcLzA2XC9hbnRlc19vcm9fbGVnYWwuanBnIiwic2xpZGVzaG93IjoiNDE5MzlkMCJ9\" href='https:\/\/semacestudio.com\/wp-content\/uploads\/2025\/06\/antes_oro_legal.jpg'><img decoding=\"async\" width=\"1920\" height=\"1080\" src=\"https:\/\/semacestudio.com\/wp-content\/uploads\/2025\/06\/antes_oro_legal.jpg\" class=\"attachment-full size-full\" alt=\"\" srcset=\"https:\/\/semacestudio.com\/wp-content\/uploads\/2025\/06\/antes_oro_legal.jpg 1920w, https:\/\/semacestudio.com\/wp-content\/uploads\/2025\/06\/antes_oro_legal-300x169.jpg 300w, https:\/\/semacestudio.com\/wp-content\/uploads\/2025\/06\/antes_oro_legal-1024x576.jpg 1024w, https:\/\/semacestudio.com\/wp-content\/uploads\/2025\/06\/antes_oro_legal-768x432.jpg 768w, https:\/\/semacestudio.com\/wp-content\/uploads\/2025\/06\/antes_oro_legal-1536x864.jpg 1536w\" sizes=\"(max-width: 1920px) 100vw, 1920px\" \/><\/a>\n\t\t\t<\/div><\/figure><figure class='gallery-item'>\n\t\t\t<div class='gallery-icon landscape'>\n\t\t\t\t<a data-elementor-open-lightbox=\"yes\" data-elementor-lightbox-slideshow=\"41939d0\" data-elementor-lightbox-title=\"Orolegal_Mesa de trabajo 18\" data-e-action-hash=\"#elementor-action%3Aaction%3Dlightbox%26settings%3DeyJpZCI6MTYzMiwidXJsIjoiaHR0cHM6XC9cL3NlbWFjZXN0dWRpby5jb21cL3dwLWNvbnRlbnRcL3VwbG9hZHNcLzIwMjVcLzA2XC9Pcm9sZWdhbF9NZXNhLWRlLXRyYWJham8tMTguanBnIiwic2xpZGVzaG93IjoiNDE5MzlkMCJ9\" href='https:\/\/semacestudio.com\/wp-content\/uploads\/2025\/06\/Orolegal_Mesa-de-trabajo-18.jpg'><img decoding=\"async\" width=\"1920\" height=\"878\" src=\"https:\/\/semacestudio.com\/wp-content\/uploads\/2025\/06\/Orolegal_Mesa-de-trabajo-18.jpg\" class=\"attachment-full size-full\" alt=\"\" srcset=\"https:\/\/semacestudio.com\/wp-content\/uploads\/2025\/06\/Orolegal_Mesa-de-trabajo-18.jpg 1920w, https:\/\/semacestudio.com\/wp-content\/uploads\/2025\/06\/Orolegal_Mesa-de-trabajo-18-300x137.jpg 300w, https:\/\/semacestudio.com\/wp-content\/uploads\/2025\/06\/Orolegal_Mesa-de-trabajo-18-1024x468.jpg 1024w, https:\/\/semacestudio.com\/wp-content\/uploads\/2025\/06\/Orolegal_Mesa-de-trabajo-18-768x351.jpg 768w, https:\/\/semacestudio.com\/wp-content\/uploads\/2025\/06\/Orolegal_Mesa-de-trabajo-18-1536x702.jpg 1536w\" sizes=\"(max-width: 1920px) 100vw, 1920px\" \/><\/a>\n\t\t\t<\/div><\/figure><figure class='gallery-item'>\n\t\t\t<div class='gallery-icon landscape'>\n\t\t\t\t<a data-elementor-open-lightbox=\"yes\" data-elementor-lightbox-slideshow=\"41939d0\" data-elementor-lightbox-title=\"Orolegal_Mesa de trabajo 19\" data-e-action-hash=\"#elementor-action%3Aaction%3Dlightbox%26settings%3DeyJpZCI6MTYzNCwidXJsIjoiaHR0cHM6XC9cL3NlbWFjZXN0dWRpby5jb21cL3dwLWNvbnRlbnRcL3VwbG9hZHNcLzIwMjVcLzA2XC9Pcm9sZWdhbF9NZXNhLWRlLXRyYWJham8tMTkuanBnIiwic2xpZGVzaG93IjoiNDE5MzlkMCJ9\" href='https:\/\/semacestudio.com\/wp-content\/uploads\/2025\/06\/Orolegal_Mesa-de-trabajo-19.jpg'><img loading=\"lazy\" decoding=\"async\" width=\"1920\" height=\"1080\" src=\"https:\/\/semacestudio.com\/wp-content\/uploads\/2025\/06\/Orolegal_Mesa-de-trabajo-19.jpg\" class=\"attachment-full size-full\" alt=\"\" srcset=\"https:\/\/semacestudio.com\/wp-content\/uploads\/2025\/06\/Orolegal_Mesa-de-trabajo-19.jpg 1920w, https:\/\/semacestudio.com\/wp-content\/uploads\/2025\/06\/Orolegal_Mesa-de-trabajo-19-300x169.jpg 300w, https:\/\/semacestudio.com\/wp-content\/uploads\/2025\/06\/Orolegal_Mesa-de-trabajo-19-1024x576.jpg 1024w, https:\/\/semacestudio.com\/wp-content\/uploads\/2025\/06\/Orolegal_Mesa-de-trabajo-19-768x432.jpg 768w, https:\/\/semacestudio.com\/wp-content\/uploads\/2025\/06\/Orolegal_Mesa-de-trabajo-19-1536x864.jpg 1536w\" sizes=\"(max-width: 1920px) 100vw, 1920px\" \/><\/a>\n\t\t\t<\/div><\/figure><figure class='gallery-item'>\n\t\t\t<div class='gallery-icon landscape'>\n\t\t\t\t<a data-elementor-open-lightbox=\"yes\" data-elementor-lightbox-slideshow=\"41939d0\" data-elementor-lightbox-title=\"8bc3c1141638213.625773061f129\" data-e-action-hash=\"#elementor-action%3Aaction%3Dlightbox%26settings%3DeyJpZCI6MTYyNCwidXJsIjoiaHR0cHM6XC9cL3NlbWFjZXN0dWRpby5jb21cL3dwLWNvbnRlbnRcL3VwbG9hZHNcLzIwMjVcLzA2XC84YmMzYzExNDE2MzgyMTMuNjI1NzczMDYxZjEyOS5qcGciLCJzbGlkZXNob3ciOiI0MTkzOWQwIn0%3D\" href='https:\/\/semacestudio.com\/wp-content\/uploads\/2025\/06\/8bc3c1141638213.625773061f129.jpg'><img loading=\"lazy\" decoding=\"async\" width=\"948\" height=\"632\" src=\"https:\/\/semacestudio.com\/wp-content\/uploads\/2025\/06\/8bc3c1141638213.625773061f129.jpg\" class=\"attachment-full size-full\" alt=\"\" srcset=\"https:\/\/semacestudio.com\/wp-content\/uploads\/2025\/06\/8bc3c1141638213.625773061f129.jpg 948w, https:\/\/semacestudio.com\/wp-content\/uploads\/2025\/06\/8bc3c1141638213.625773061f129-300x200.jpg 300w, https:\/\/semacestudio.com\/wp-content\/uploads\/2025\/06\/8bc3c1141638213.625773061f129-768x512.jpg 768w\" sizes=\"(max-width: 948px) 100vw, 948px\" \/><\/a>\n\t\t\t<\/div><\/figure><figure class='gallery-item'>\n\t\t\t<div class='gallery-icon landscape'>\n\t\t\t\t<a data-elementor-open-lightbox=\"yes\" data-elementor-lightbox-slideshow=\"41939d0\" data-elementor-lightbox-title=\"e4ea88141638213.62577305792bf\" data-e-action-hash=\"#elementor-action%3Aaction%3Dlightbox%26settings%3DeyJpZCI6MTYzMSwidXJsIjoiaHR0cHM6XC9cL3NlbWFjZXN0dWRpby5jb21cL3dwLWNvbnRlbnRcL3VwbG9hZHNcLzIwMjVcLzA2XC9lNGVhODgxNDE2MzgyMTMuNjI1NzczMDU3OTJiZi5wbmciLCJzbGlkZXNob3ciOiI0MTkzOWQwIn0%3D\" href='https:\/\/semacestudio.com\/wp-content\/uploads\/2025\/06\/e4ea88141638213.62577305792bf.png'><img loading=\"lazy\" decoding=\"async\" width=\"944\" height=\"632\" src=\"https:\/\/semacestudio.com\/wp-content\/uploads\/2025\/06\/e4ea88141638213.62577305792bf.png\" class=\"attachment-full size-full\" alt=\"\" srcset=\"https:\/\/semacestudio.com\/wp-content\/uploads\/2025\/06\/e4ea88141638213.62577305792bf.png 944w, https:\/\/semacestudio.com\/wp-content\/uploads\/2025\/06\/e4ea88141638213.62577305792bf-300x201.png 300w, https:\/\/semacestudio.com\/wp-content\/uploads\/2025\/06\/e4ea88141638213.62577305792bf-768x514.png 768w\" sizes=\"(max-width: 944px) 100vw, 944px\" \/><\/a>\n\t\t\t<\/div><\/figure><figure class='gallery-item'>\n\t\t\t<div class='gallery-icon landscape'>\n\t\t\t\t<a data-elementor-open-lightbox=\"yes\" data-elementor-lightbox-slideshow=\"41939d0\" data-elementor-lightbox-title=\"1735\" data-e-action-hash=\"#elementor-action%3Aaction%3Dlightbox%26settings%3DeyJpZCI6MTYyOCwidXJsIjoiaHR0cHM6XC9cL3NlbWFjZXN0dWRpby5jb21cL3dwLWNvbnRlbnRcL3VwbG9hZHNcLzIwMjVcLzA2XC8xNzM1LmpwZyIsInNsaWRlc2hvdyI6IjQxOTM5ZDAifQ%3D%3D\" href='https:\/\/semacestudio.com\/wp-content\/uploads\/2025\/06\/1735.jpg'><img loading=\"lazy\" decoding=\"async\" width=\"1920\" height=\"1280\" src=\"https:\/\/semacestudio.com\/wp-content\/uploads\/2025\/06\/1735.jpg\" class=\"attachment-full size-full\" alt=\"\" srcset=\"https:\/\/semacestudio.com\/wp-content\/uploads\/2025\/06\/1735.jpg 1920w, https:\/\/semacestudio.com\/wp-content\/uploads\/2025\/06\/1735-300x200.jpg 300w, https:\/\/semacestudio.com\/wp-content\/uploads\/2025\/06\/1735-1024x683.jpg 1024w, https:\/\/semacestudio.com\/wp-content\/uploads\/2025\/06\/1735-768x512.jpg 768w, https:\/\/semacestudio.com\/wp-content\/uploads\/2025\/06\/1735-1536x1024.jpg 1536w\" sizes=\"(max-width: 1920px) 100vw, 1920px\" \/><\/a>\n\t\t\t<\/div><\/figure><figure class='gallery-item'>\n\t\t\t<div class='gallery-icon landscape'>\n\t\t\t\t<a data-elementor-open-lightbox=\"yes\" data-elementor-lightbox-slideshow=\"41939d0\" data-elementor-lightbox-title=\"158\" data-e-action-hash=\"#elementor-action%3Aaction%3Dlightbox%26settings%3DeyJpZCI6MTYyNywidXJsIjoiaHR0cHM6XC9cL3NlbWFjZXN0dWRpby5jb21cL3dwLWNvbnRlbnRcL3VwbG9hZHNcLzIwMjVcLzA2XC8xNTguanBnIiwic2xpZGVzaG93IjoiNDE5MzlkMCJ9\" href='https:\/\/semacestudio.com\/wp-content\/uploads\/2025\/06\/158.jpg'><img loading=\"lazy\" decoding=\"async\" width=\"1920\" height=\"1081\" src=\"https:\/\/semacestudio.com\/wp-content\/uploads\/2025\/06\/158.jpg\" class=\"attachment-full size-full\" alt=\"\" srcset=\"https:\/\/semacestudio.com\/wp-content\/uploads\/2025\/06\/158.jpg 1920w, https:\/\/semacestudio.com\/wp-content\/uploads\/2025\/06\/158-300x169.jpg 300w, https:\/\/semacestudio.com\/wp-content\/uploads\/2025\/06\/158-1024x577.jpg 1024w, https:\/\/semacestudio.com\/wp-content\/uploads\/2025\/06\/158-768x432.jpg 768w, https:\/\/semacestudio.com\/wp-content\/uploads\/2025\/06\/158-1536x865.jpg 1536w\" sizes=\"(max-width: 1920px) 100vw, 1920px\" \/><\/a>\n\t\t\t<\/div><\/figure><figure class='gallery-item'>\n\t\t\t<div class='gallery-icon landscape'>\n\t\t\t\t<a data-elementor-open-lightbox=\"yes\" data-elementor-lightbox-slideshow=\"41939d0\" data-elementor-lightbox-title=\"90e76f141638213.6257730579b5b\" data-e-action-hash=\"#elementor-action%3Aaction%3Dlightbox%26settings%3DeyJpZCI6MTYyNiwidXJsIjoiaHR0cHM6XC9cL3NlbWFjZXN0dWRpby5jb21cL3dwLWNvbnRlbnRcL3VwbG9hZHNcLzIwMjVcLzA2XC85MGU3NmYxNDE2MzgyMTMuNjI1NzczMDU3OWI1Yi5wbmciLCJzbGlkZXNob3ciOiI0MTkzOWQwIn0%3D\" href='https:\/\/semacestudio.com\/wp-content\/uploads\/2025\/06\/90e76f141638213.6257730579b5b.png'><img loading=\"lazy\" decoding=\"async\" width=\"948\" height=\"632\" src=\"https:\/\/semacestudio.com\/wp-content\/uploads\/2025\/06\/90e76f141638213.6257730579b5b.png\" class=\"attachment-full size-full\" alt=\"\" srcset=\"https:\/\/semacestudio.com\/wp-content\/uploads\/2025\/06\/90e76f141638213.6257730579b5b.png 948w, https:\/\/semacestudio.com\/wp-content\/uploads\/2025\/06\/90e76f141638213.6257730579b5b-300x200.png 300w, https:\/\/semacestudio.com\/wp-content\/uploads\/2025\/06\/90e76f141638213.6257730579b5b-768x512.png 768w\" sizes=\"(max-width: 948px) 100vw, 948px\" \/><\/a>\n\t\t\t<\/div><\/figure><figure class='gallery-item'>\n\t\t\t<div class='gallery-icon landscape'>\n\t\t\t\t<a data-elementor-open-lightbox=\"yes\" data-elementor-lightbox-slideshow=\"41939d0\" data-elementor-lightbox-title=\"c1e912141638213.625773048bd35\" data-e-action-hash=\"#elementor-action%3Aaction%3Dlightbox%26settings%3DeyJpZCI6MTYzMCwidXJsIjoiaHR0cHM6XC9cL3NlbWFjZXN0dWRpby5jb21cL3dwLWNvbnRlbnRcL3VwbG9hZHNcLzIwMjVcLzA2XC9jMWU5MTIxNDE2MzgyMTMuNjI1NzczMDQ4YmQzNS5wbmciLCJzbGlkZXNob3ciOiI0MTkzOWQwIn0%3D\" href='https:\/\/semacestudio.com\/wp-content\/uploads\/2025\/06\/c1e912141638213.625773048bd35.png'><img loading=\"lazy\" decoding=\"async\" width=\"947\" height=\"632\" src=\"https:\/\/semacestudio.com\/wp-content\/uploads\/2025\/06\/c1e912141638213.625773048bd35.png\" class=\"attachment-full size-full\" alt=\"\" srcset=\"https:\/\/semacestudio.com\/wp-content\/uploads\/2025\/06\/c1e912141638213.625773048bd35.png 947w, https:\/\/semacestudio.com\/wp-content\/uploads\/2025\/06\/c1e912141638213.625773048bd35-300x200.png 300w, https:\/\/semacestudio.com\/wp-content\/uploads\/2025\/06\/c1e912141638213.625773048bd35-768x513.png 768w\" sizes=\"(max-width: 947px) 100vw, 947px\" \/><\/a>\n\t\t\t<\/div><\/figure><figure class='gallery-item'>\n\t\t\t<div class='gallery-icon landscape'>\n\t\t\t\t<a data-elementor-open-lightbox=\"yes\" data-elementor-lightbox-slideshow=\"41939d0\" data-elementor-lightbox-title=\"89a3c4141638213.625773048c716\" data-e-action-hash=\"#elementor-action%3Aaction%3Dlightbox%26settings%3DeyJpZCI6MTYyNSwidXJsIjoiaHR0cHM6XC9cL3NlbWFjZXN0dWRpby5jb21cL3dwLWNvbnRlbnRcL3VwbG9hZHNcLzIwMjVcLzA2XC84OWEzYzQxNDE2MzgyMTMuNjI1NzczMDQ4YzcxNi5wbmciLCJzbGlkZXNob3ciOiI0MTkzOWQwIn0%3D\" href='https:\/\/semacestudio.com\/wp-content\/uploads\/2025\/06\/89a3c4141638213.625773048c716.png'><img loading=\"lazy\" decoding=\"async\" width=\"948\" height=\"632\" src=\"https:\/\/semacestudio.com\/wp-content\/uploads\/2025\/06\/89a3c4141638213.625773048c716.png\" class=\"attachment-full size-full\" alt=\"\" srcset=\"https:\/\/semacestudio.com\/wp-content\/uploads\/2025\/06\/89a3c4141638213.625773048c716.png 948w, https:\/\/semacestudio.com\/wp-content\/uploads\/2025\/06\/89a3c4141638213.625773048c716-300x200.png 300w, https:\/\/semacestudio.com\/wp-content\/uploads\/2025\/06\/89a3c4141638213.625773048c716-768x512.png 768w\" sizes=\"(max-width: 948px) 100vw, 948px\" \/><\/a>\n\t\t\t<\/div><\/figure><figure class='gallery-item'>\n\t\t\t<div class='gallery-icon landscape'>\n\t\t\t\t<a data-elementor-open-lightbox=\"yes\" data-elementor-lightbox-slideshow=\"41939d0\" data-elementor-lightbox-title=\"Orolegal_Mesa de trabajo 20\" data-e-action-hash=\"#elementor-action%3Aaction%3Dlightbox%26settings%3DeyJpZCI6MTYzNSwidXJsIjoiaHR0cHM6XC9cL3NlbWFjZXN0dWRpby5jb21cL3dwLWNvbnRlbnRcL3VwbG9hZHNcLzIwMjVcLzA2XC9Pcm9sZWdhbF9NZXNhLWRlLXRyYWJham8tMjAucG5nIiwic2xpZGVzaG93IjoiNDE5MzlkMCJ9\" href='https:\/\/semacestudio.com\/wp-content\/uploads\/2025\/06\/Orolegal_Mesa-de-trabajo-20.png'><img loading=\"lazy\" decoding=\"async\" width=\"1920\" height=\"1080\" src=\"https:\/\/semacestudio.com\/wp-content\/uploads\/2025\/06\/Orolegal_Mesa-de-trabajo-20.png\" class=\"attachment-full size-full\" alt=\"\" srcset=\"https:\/\/semacestudio.com\/wp-content\/uploads\/2025\/06\/Orolegal_Mesa-de-trabajo-20.png 1920w, https:\/\/semacestudio.com\/wp-content\/uploads\/2025\/06\/Orolegal_Mesa-de-trabajo-20-300x169.png 300w, https:\/\/semacestudio.com\/wp-content\/uploads\/2025\/06\/Orolegal_Mesa-de-trabajo-20-1024x576.png 1024w, https:\/\/semacestudio.com\/wp-content\/uploads\/2025\/06\/Orolegal_Mesa-de-trabajo-20-768x432.png 768w, https:\/\/semacestudio.com\/wp-content\/uploads\/2025\/06\/Orolegal_Mesa-de-trabajo-20-1536x864.png 1536w\" sizes=\"(max-width: 1920px) 100vw, 1920px\" \/><\/a>\n\t\t\t<\/div><\/figure><figure class='gallery-item'>\n\t\t\t<div class='gallery-icon landscape'>\n\t\t\t\t<a data-elementor-open-lightbox=\"yes\" data-elementor-lightbox-slideshow=\"41939d0\" data-elementor-lightbox-title=\"Tarjetas\" data-e-action-hash=\"#elementor-action%3Aaction%3Dlightbox%26settings%3DeyJpZCI6MTYzNiwidXJsIjoiaHR0cHM6XC9cL3NlbWFjZXN0dWRpby5jb21cL3dwLWNvbnRlbnRcL3VwbG9hZHNcLzIwMjVcLzA2XC9UYXJqZXRhcy5qcGciLCJzbGlkZXNob3ciOiI0MTkzOWQwIn0%3D\" href='https:\/\/semacestudio.com\/wp-content\/uploads\/2025\/06\/Tarjetas.jpg'><img loading=\"lazy\" decoding=\"async\" width=\"1920\" height=\"1440\" src=\"https:\/\/semacestudio.com\/wp-content\/uploads\/2025\/06\/Tarjetas.jpg\" class=\"attachment-full size-full\" alt=\"\" srcset=\"https:\/\/semacestudio.com\/wp-content\/uploads\/2025\/06\/Tarjetas.jpg 1920w, https:\/\/semacestudio.com\/wp-content\/uploads\/2025\/06\/Tarjetas-300x225.jpg 300w, https:\/\/semacestudio.com\/wp-content\/uploads\/2025\/06\/Tarjetas-1024x768.jpg 1024w, https:\/\/semacestudio.com\/wp-content\/uploads\/2025\/06\/Tarjetas-768x576.jpg 768w, https:\/\/semacestudio.com\/wp-content\/uploads\/2025\/06\/Tarjetas-1536x1152.jpg 1536w\" sizes=\"(max-width: 1920px) 100vw, 1920px\" \/><\/a>\n\t\t\t<\/div><\/figure>\n\t\t<\/div>\n\t\t<\/div>\n\t\t\t\t\t\t<\/div>\n\t\t\t\t<\/div>\n\t\t\t\t<\/div>\n\t\t\t\t<\/div>\n\t\t\t\t<\/div>\n\t\t","protected":false},"excerpt":{"rendered":"<p>Orolegal \/ Rebrand OROLEGAL es una consultor\u00eda jur\u00eddica que ha transformado su identidad visual para reflejar su crecimiento y la consolidaci\u00f3n de un equipo de profesionales. El rebranding busca modernizar un isologo anterior \u00absobrecargado de elementos\u00bb y con \u00abexcesividad de detalle en los colores\u00bb, hacia una imagen m\u00e1s atemporal y simplificada. El nuevo concepto se [&hellip;]<\/p>\n","protected":false},"author":1,"featured_media":1636,"parent":835,"menu_order":0,"comment_status":"closed","ping_status":"closed","template":"elementor_header_footer","meta":{"footnotes":""},"class_list":["post-1585","page","type-page","status-publish","has-post-thumbnail","hentry"],"blocksy_meta":[],"_links":{"self":[{"href":"https:\/\/semacestudio.com\/index.php?rest_route=\/wp\/v2\/pages\/1585","targetHints":{"allow":["GET"]}}],"collection":[{"href":"https:\/\/semacestudio.com\/index.php?rest_route=\/wp\/v2\/pages"}],"about":[{"href":"https:\/\/semacestudio.com\/index.php?rest_route=\/wp\/v2\/types\/page"}],"author":[{"embeddable":true,"href":"https:\/\/semacestudio.com\/index.php?rest_route=\/wp\/v2\/users\/1"}],"replies":[{"embeddable":true,"href":"https:\/\/semacestudio.com\/index.php?rest_route=%2Fwp%2Fv2%2Fcomments&post=1585"}],"version-history":[{"count":8,"href":"https:\/\/semacestudio.com\/index.php?rest_route=\/wp\/v2\/pages\/1585\/revisions"}],"predecessor-version":[{"id":1711,"href":"https:\/\/semacestudio.com\/index.php?rest_route=\/wp\/v2\/pages\/1585\/revisions\/1711"}],"up":[{"embeddable":true,"href":"https:\/\/semacestudio.com\/index.php?rest_route=\/wp\/v2\/pages\/835"}],"wp:featuredmedia":[{"embeddable":true,"href":"https:\/\/semacestudio.com\/index.php?rest_route=\/wp\/v2\/media\/1636"}],"wp:attachment":[{"href":"https:\/\/semacestudio.com\/index.php?rest_route=%2Fwp%2Fv2%2Fmedia&parent=1585"}],"curies":[{"name":"wp","href":"https:\/\/api.w.org\/{rel}","templated":true}]}}