{"id":1587,"date":"2025-06-14T21:56:43","date_gmt":"2025-06-14T19:56:43","guid":{"rendered":"https:\/\/semacestudio.com\/?page_id=1587"},"modified":"2025-06-15T05:02:00","modified_gmt":"2025-06-15T03:02:00","slug":"lukaspet","status":"publish","type":"page","link":"https:\/\/semacestudio.com\/?page_id=1587","title":{"rendered":"Lukaspet"},"content":{"rendered":"\t\t<div data-elementor-type=\"wp-page\" data-elementor-id=\"1587\" class=\"elementor elementor-1587\" data-elementor-post-type=\"page\">\n\t\t\t\t<div class=\"elementor-element elementor-element-1af49c3 e-con-full e-flex e-con e-parent\" data-id=\"1af49c3\" data-element_type=\"container\">\n\t\t\t\t<div class=\"elementor-element elementor-element-334b97c4 elementor-widget elementor-widget-image\" data-id=\"334b97c4\" data-element_type=\"widget\" data-widget_type=\"image.default\">\n\t\t\t\t<div class=\"elementor-widget-container\">\n\t\t\t\t\t\t\t\t\t\t\t\t\t\t\t<img fetchpriority=\"high\" decoding=\"async\" width=\"1920\" height=\"1440\" src=\"https:\/\/semacestudio.com\/wp-content\/uploads\/2025\/06\/String_Lanyard_Mockup_4-1.jpg\" class=\"attachment-full size-full wp-image-1588\" alt=\"\" srcset=\"https:\/\/semacestudio.com\/wp-content\/uploads\/2025\/06\/String_Lanyard_Mockup_4-1.jpg 1920w, https:\/\/semacestudio.com\/wp-content\/uploads\/2025\/06\/String_Lanyard_Mockup_4-1-300x225.jpg 300w, https:\/\/semacestudio.com\/wp-content\/uploads\/2025\/06\/String_Lanyard_Mockup_4-1-1024x768.jpg 1024w, https:\/\/semacestudio.com\/wp-content\/uploads\/2025\/06\/String_Lanyard_Mockup_4-1-768x576.jpg 768w, https:\/\/semacestudio.com\/wp-content\/uploads\/2025\/06\/String_Lanyard_Mockup_4-1-1536x1152.jpg 1536w\" sizes=\"(max-width: 1920px) 100vw, 1920px\" \/>\t\t\t\t\t\t\t\t\t\t\t\t\t\t\t<\/div>\n\t\t\t\t<\/div>\n\t\t\t\t<\/div>\n\t\t<div class=\"elementor-element elementor-element-99abf0 e-con-full e-flex e-con e-parent\" data-id=\"99abf0\" data-element_type=\"container\">\n\t\t<div class=\"elementor-element elementor-element-48acdec2 e-con-full e-flex e-con e-child\" data-id=\"48acdec2\" data-element_type=\"container\" data-settings=\"{&quot;sticky&quot;:&quot;top&quot;,&quot;sticky_on&quot;:[&quot;desktop&quot;],&quot;sticky_offset&quot;:120,&quot;sticky_parent&quot;:&quot;yes&quot;,&quot;sticky_effects_offset&quot;:0,&quot;sticky_anchor_link_offset&quot;:0}\">\n\t\t\t\t<div class=\"elementor-element elementor-element-6e32508f elementor-widget elementor-widget-heading\" data-id=\"6e32508f\" data-element_type=\"widget\" data-widget_type=\"heading.default\">\n\t\t\t\t<div class=\"elementor-widget-container\">\n\t\t\t\t\t<h2 class=\"elementor-heading-title elementor-size-default\">Lukaspet<\/h2>\t\t\t\t<\/div>\n\t\t\t\t<\/div>\n\t\t\t\t<div class=\"elementor-element elementor-element-c5ec0ae elementor-widget elementor-widget-text-editor\" data-id=\"c5ec0ae\" data-element_type=\"widget\" data-widget_type=\"text-editor.default\">\n\t\t\t\t<div class=\"elementor-widget-container\">\n\t\t\t\t\t\t\t\t\t<p>Lukaspet es una marca vibrante y amigable dedicada al cuidado y bienestar de mascotas, destac\u00e1ndose por su enfoque en la pasi\u00f3n y el afecto hacia los animales. Su identidad visual, centrada en una paleta de colores distintiva de morados c\u00e1lidos y amarillos\/verdes vivos, junto con un imagotipo que fusiona un coraz\u00f3n y la silueta de un perro\/gato, comunica instant\u00e1neamente ternura, cuidado y compromiso. La tipograf\u00eda amigable y accesible refuerza la cercan\u00eda de la marca, mientras que su versatilidad se evidencia en aplicaciones sobre diversos sustratos, desde empaques de alimentos hasta accesorios para mascotas. Lukaspet busca posicionarse como el compa\u00f1ero confiable para due\u00f1os de mascotas que valoran productos y servicios que reflejen amor, calidad y un estilo de vida alegre para sus compa\u00f1eros peludos.<\/p>\t\t\t\t\t\t\t\t<\/div>\n\t\t\t\t<\/div>\n\t\t\t\t<\/div>\n\t\t<div class=\"elementor-element elementor-element-3f978c52 e-con-full e-flex e-con e-child\" data-id=\"3f978c52\" data-element_type=\"container\">\n\t\t\t\t<div class=\"elementor-element elementor-element-788e41cc elementor-widget elementor-widget-image-gallery\" data-id=\"788e41cc\" data-element_type=\"widget\" data-widget_type=\"image-gallery.default\">\n\t\t\t\t<div class=\"elementor-widget-container\">\n\t\t\t\t\t\t\t<div class=\"elementor-image-gallery\">\n\t\t\t<div id='gallery-1' class='gallery galleryid-1587 gallery-columns-1 gallery-size-full'><figure class='gallery-item'>\n\t\t\t<div class='gallery-icon portrait'>\n\t\t\t\t<a data-elementor-open-lightbox=\"yes\" data-elementor-lightbox-slideshow=\"788e41cc\" data-elementor-lightbox-title=\"K-efecto\" data-e-action-hash=\"#elementor-action%3Aaction%3Dlightbox%26settings%3DeyJpZCI6MTU5NywidXJsIjoiaHR0cHM6XC9cL3NlbWFjZXN0dWRpby5jb21cL3dwLWNvbnRlbnRcL3VwbG9hZHNcLzIwMjVcLzA2XC9LLWVmZWN0by5qcGciLCJzbGlkZXNob3ciOiI3ODhlNDFjYyJ9\" href='https:\/\/semacestudio.com\/wp-content\/uploads\/2025\/06\/K-efecto.jpg'><img decoding=\"async\" width=\"838\" height=\"1005\" src=\"https:\/\/semacestudio.com\/wp-content\/uploads\/2025\/06\/K-efecto.jpg\" class=\"attachment-full size-full\" alt=\"\" srcset=\"https:\/\/semacestudio.com\/wp-content\/uploads\/2025\/06\/K-efecto.jpg 838w, https:\/\/semacestudio.com\/wp-content\/uploads\/2025\/06\/K-efecto-250x300.jpg 250w, https:\/\/semacestudio.com\/wp-content\/uploads\/2025\/06\/K-efecto-768x921.jpg 768w\" sizes=\"(max-width: 838px) 100vw, 838px\" \/><\/a>\n\t\t\t<\/div><\/figure><figure class='gallery-item'>\n\t\t\t<div class='gallery-icon landscape'>\n\t\t\t\t<a data-elementor-open-lightbox=\"yes\" data-elementor-lightbox-slideshow=\"788e41cc\" data-elementor-lightbox-title=\"Lukaspet\" data-e-action-hash=\"#elementor-action%3Aaction%3Dlightbox%26settings%3DeyJpZCI6MTU5OSwidXJsIjoiaHR0cHM6XC9cL3NlbWFjZXN0dWRpby5jb21cL3dwLWNvbnRlbnRcL3VwbG9hZHNcLzIwMjVcLzA2XC9MdWthc3BldC5qcGciLCJzbGlkZXNob3ciOiI3ODhlNDFjYyJ9\" href='https:\/\/semacestudio.com\/wp-content\/uploads\/2025\/06\/Lukaspet.jpg'><img decoding=\"async\" width=\"1920\" height=\"1130\" src=\"https:\/\/semacestudio.com\/wp-content\/uploads\/2025\/06\/Lukaspet.jpg\" class=\"attachment-full size-full\" alt=\"\" srcset=\"https:\/\/semacestudio.com\/wp-content\/uploads\/2025\/06\/Lukaspet.jpg 1920w, https:\/\/semacestudio.com\/wp-content\/uploads\/2025\/06\/Lukaspet-300x177.jpg 300w, https:\/\/semacestudio.com\/wp-content\/uploads\/2025\/06\/Lukaspet-1024x603.jpg 1024w, https:\/\/semacestudio.com\/wp-content\/uploads\/2025\/06\/Lukaspet-768x452.jpg 768w, https:\/\/semacestudio.com\/wp-content\/uploads\/2025\/06\/Lukaspet-1536x904.jpg 1536w\" sizes=\"(max-width: 1920px) 100vw, 1920px\" \/><\/a>\n\t\t\t<\/div><\/figure><figure class='gallery-item'>\n\t\t\t<div class='gallery-icon landscape'>\n\t\t\t\t<a data-elementor-open-lightbox=\"yes\" data-elementor-lightbox-slideshow=\"788e41cc\" data-elementor-lightbox-title=\"version-monocromatico\" data-e-action-hash=\"#elementor-action%3Aaction%3Dlightbox%26settings%3DeyJpZCI6MTU5MSwidXJsIjoiaHR0cHM6XC9cL3NlbWFjZXN0dWRpby5jb21cL3dwLWNvbnRlbnRcL3VwbG9hZHNcLzIwMjVcLzA2XC92ZXJzaW9uLW1vbm9jcm9tYXRpY28uanBnIiwic2xpZGVzaG93IjoiNzg4ZTQxY2MifQ%3D%3D\" href='https:\/\/semacestudio.com\/wp-content\/uploads\/2025\/06\/version-monocromatico.jpg'><img loading=\"lazy\" decoding=\"async\" width=\"1920\" height=\"1130\" src=\"https:\/\/semacestudio.com\/wp-content\/uploads\/2025\/06\/version-monocromatico.jpg\" class=\"attachment-full size-full\" alt=\"\" srcset=\"https:\/\/semacestudio.com\/wp-content\/uploads\/2025\/06\/version-monocromatico.jpg 1920w, https:\/\/semacestudio.com\/wp-content\/uploads\/2025\/06\/version-monocromatico-300x177.jpg 300w, https:\/\/semacestudio.com\/wp-content\/uploads\/2025\/06\/version-monocromatico-1024x603.jpg 1024w, https:\/\/semacestudio.com\/wp-content\/uploads\/2025\/06\/version-monocromatico-768x452.jpg 768w, https:\/\/semacestudio.com\/wp-content\/uploads\/2025\/06\/version-monocromatico-1536x904.jpg 1536w\" sizes=\"(max-width: 1920px) 100vw, 1920px\" \/><\/a>\n\t\t\t<\/div><\/figure><figure class='gallery-item'>\n\t\t\t<div class='gallery-icon landscape'>\n\t\t\t\t<a data-elementor-open-lightbox=\"yes\" data-elementor-lightbox-slideshow=\"788e41cc\" data-elementor-lightbox-title=\"versiones\" data-e-action-hash=\"#elementor-action%3Aaction%3Dlightbox%26settings%3DeyJpZCI6MTU5MCwidXJsIjoiaHR0cHM6XC9cL3NlbWFjZXN0dWRpby5jb21cL3dwLWNvbnRlbnRcL3VwbG9hZHNcLzIwMjVcLzA2XC92ZXJzaW9uZXMuanBnIiwic2xpZGVzaG93IjoiNzg4ZTQxY2MifQ%3D%3D\" href='https:\/\/semacestudio.com\/wp-content\/uploads\/2025\/06\/versiones.jpg'><img loading=\"lazy\" decoding=\"async\" width=\"1920\" height=\"1130\" src=\"https:\/\/semacestudio.com\/wp-content\/uploads\/2025\/06\/versiones.jpg\" class=\"attachment-full size-full\" alt=\"\" srcset=\"https:\/\/semacestudio.com\/wp-content\/uploads\/2025\/06\/versiones.jpg 1920w, https:\/\/semacestudio.com\/wp-content\/uploads\/2025\/06\/versiones-300x177.jpg 300w, https:\/\/semacestudio.com\/wp-content\/uploads\/2025\/06\/versiones-1024x603.jpg 1024w, https:\/\/semacestudio.com\/wp-content\/uploads\/2025\/06\/versiones-768x452.jpg 768w, https:\/\/semacestudio.com\/wp-content\/uploads\/2025\/06\/versiones-1536x904.jpg 1536w\" sizes=\"(max-width: 1920px) 100vw, 1920px\" \/><\/a>\n\t\t\t<\/div><\/figure><figure class='gallery-item'>\n\t\t\t<div class='gallery-icon landscape'>\n\t\t\t\t<a data-elementor-open-lightbox=\"yes\" data-elementor-lightbox-slideshow=\"788e41cc\" data-elementor-lightbox-title=\"version-colores\" data-e-action-hash=\"#elementor-action%3Aaction%3Dlightbox%26settings%3DeyJpZCI6MTU4OSwidXJsIjoiaHR0cHM6XC9cL3NlbWFjZXN0dWRpby5jb21cL3dwLWNvbnRlbnRcL3VwbG9hZHNcLzIwMjVcLzA2XC92ZXJzaW9uLWNvbG9yZXMuanBnIiwic2xpZGVzaG93IjoiNzg4ZTQxY2MifQ%3D%3D\" href='https:\/\/semacestudio.com\/wp-content\/uploads\/2025\/06\/version-colores.jpg'><img loading=\"lazy\" decoding=\"async\" width=\"1920\" height=\"1130\" src=\"https:\/\/semacestudio.com\/wp-content\/uploads\/2025\/06\/version-colores.jpg\" class=\"attachment-full size-full\" alt=\"\" srcset=\"https:\/\/semacestudio.com\/wp-content\/uploads\/2025\/06\/version-colores.jpg 1920w, https:\/\/semacestudio.com\/wp-content\/uploads\/2025\/06\/version-colores-300x177.jpg 300w, https:\/\/semacestudio.com\/wp-content\/uploads\/2025\/06\/version-colores-1024x603.jpg 1024w, https:\/\/semacestudio.com\/wp-content\/uploads\/2025\/06\/version-colores-768x452.jpg 768w, https:\/\/semacestudio.com\/wp-content\/uploads\/2025\/06\/version-colores-1536x904.jpg 1536w\" sizes=\"(max-width: 1920px) 100vw, 1920px\" \/><\/a>\n\t\t\t<\/div><\/figure><figure class='gallery-item'>\n\t\t\t<div class='gallery-icon landscape'>\n\t\t\t\t<a data-elementor-open-lightbox=\"yes\" data-elementor-lightbox-slideshow=\"788e41cc\" data-elementor-lightbox-title=\"Lanyard_Mockup_1\" data-e-action-hash=\"#elementor-action%3Aaction%3Dlightbox%26settings%3DeyJpZCI6MTU5OCwidXJsIjoiaHR0cHM6XC9cL3NlbWFjZXN0dWRpby5jb21cL3dwLWNvbnRlbnRcL3VwbG9hZHNcLzIwMjVcLzA2XC9MYW55YXJkX01vY2t1cF8xLmpwZyIsInNsaWRlc2hvdyI6Ijc4OGU0MWNjIn0%3D\" href='https:\/\/semacestudio.com\/wp-content\/uploads\/2025\/06\/Lanyard_Mockup_1.jpg'><img loading=\"lazy\" decoding=\"async\" width=\"2500\" height=\"1600\" src=\"https:\/\/semacestudio.com\/wp-content\/uploads\/2025\/06\/Lanyard_Mockup_1.jpg\" class=\"attachment-full size-full\" alt=\"\" srcset=\"https:\/\/semacestudio.com\/wp-content\/uploads\/2025\/06\/Lanyard_Mockup_1.jpg 2500w, https:\/\/semacestudio.com\/wp-content\/uploads\/2025\/06\/Lanyard_Mockup_1-300x192.jpg 300w, https:\/\/semacestudio.com\/wp-content\/uploads\/2025\/06\/Lanyard_Mockup_1-1024x655.jpg 1024w, https:\/\/semacestudio.com\/wp-content\/uploads\/2025\/06\/Lanyard_Mockup_1-768x492.jpg 768w, https:\/\/semacestudio.com\/wp-content\/uploads\/2025\/06\/Lanyard_Mockup_1-1536x983.jpg 1536w, https:\/\/semacestudio.com\/wp-content\/uploads\/2025\/06\/Lanyard_Mockup_1-2048x1311.jpg 2048w\" sizes=\"(max-width: 2500px) 100vw, 2500px\" \/><\/a>\n\t\t\t<\/div><\/figure><figure class='gallery-item'>\n\t\t\t<div class='gallery-icon landscape'>\n\t\t\t\t<a data-elementor-open-lightbox=\"yes\" data-elementor-lightbox-slideshow=\"788e41cc\" data-elementor-lightbox-title=\"Free_Wristband_Mockup_6\" data-e-action-hash=\"#elementor-action%3Aaction%3Dlightbox%26settings%3DeyJpZCI6MTU5NiwidXJsIjoiaHR0cHM6XC9cL3NlbWFjZXN0dWRpby5jb21cL3dwLWNvbnRlbnRcL3VwbG9hZHNcLzIwMjVcLzA2XC9GcmVlX1dyaXN0YmFuZF9Nb2NrdXBfNi5qcGciLCJzbGlkZXNob3ciOiI3ODhlNDFjYyJ9\" href='https:\/\/semacestudio.com\/wp-content\/uploads\/2025\/06\/Free_Wristband_Mockup_6.jpg'><img loading=\"lazy\" decoding=\"async\" width=\"1920\" height=\"1440\" src=\"https:\/\/semacestudio.com\/wp-content\/uploads\/2025\/06\/Free_Wristband_Mockup_6.jpg\" class=\"attachment-full size-full\" alt=\"\" srcset=\"https:\/\/semacestudio.com\/wp-content\/uploads\/2025\/06\/Free_Wristband_Mockup_6.jpg 1920w, https:\/\/semacestudio.com\/wp-content\/uploads\/2025\/06\/Free_Wristband_Mockup_6-300x225.jpg 300w, https:\/\/semacestudio.com\/wp-content\/uploads\/2025\/06\/Free_Wristband_Mockup_6-1024x768.jpg 1024w, https:\/\/semacestudio.com\/wp-content\/uploads\/2025\/06\/Free_Wristband_Mockup_6-768x576.jpg 768w, https:\/\/semacestudio.com\/wp-content\/uploads\/2025\/06\/Free_Wristband_Mockup_6-1536x1152.jpg 1536w\" sizes=\"(max-width: 1920px) 100vw, 1920px\" \/><\/a>\n\t\t\t<\/div><\/figure><figure class='gallery-item'>\n\t\t\t<div class='gallery-icon landscape'>\n\t\t\t\t<a data-elementor-open-lightbox=\"yes\" data-elementor-lightbox-slideshow=\"788e41cc\" data-elementor-lightbox-title=\"Free_Poster_Frame_Mockup_2\" data-e-action-hash=\"#elementor-action%3Aaction%3Dlightbox%26settings%3DeyJpZCI6MTU5NSwidXJsIjoiaHR0cHM6XC9cL3NlbWFjZXN0dWRpby5jb21cL3dwLWNvbnRlbnRcL3VwbG9hZHNcLzIwMjVcLzA2XC9GcmVlX1Bvc3Rlcl9GcmFtZV9Nb2NrdXBfMi5qcGciLCJzbGlkZXNob3ciOiI3ODhlNDFjYyJ9\" href='https:\/\/semacestudio.com\/wp-content\/uploads\/2025\/06\/Free_Poster_Frame_Mockup_2.jpg'><img loading=\"lazy\" decoding=\"async\" width=\"1920\" height=\"1440\" src=\"https:\/\/semacestudio.com\/wp-content\/uploads\/2025\/06\/Free_Poster_Frame_Mockup_2.jpg\" class=\"attachment-full size-full\" alt=\"\" srcset=\"https:\/\/semacestudio.com\/wp-content\/uploads\/2025\/06\/Free_Poster_Frame_Mockup_2.jpg 1920w, https:\/\/semacestudio.com\/wp-content\/uploads\/2025\/06\/Free_Poster_Frame_Mockup_2-300x225.jpg 300w, https:\/\/semacestudio.com\/wp-content\/uploads\/2025\/06\/Free_Poster_Frame_Mockup_2-1024x768.jpg 1024w, https:\/\/semacestudio.com\/wp-content\/uploads\/2025\/06\/Free_Poster_Frame_Mockup_2-768x576.jpg 768w, https:\/\/semacestudio.com\/wp-content\/uploads\/2025\/06\/Free_Poster_Frame_Mockup_2-1536x1152.jpg 1536w\" sizes=\"(max-width: 1920px) 100vw, 1920px\" \/><\/a>\n\t\t\t<\/div><\/figure><figure class='gallery-item'>\n\t\t\t<div class='gallery-icon landscape'>\n\t\t\t\t<a data-elementor-open-lightbox=\"yes\" data-elementor-lightbox-slideshow=\"788e41cc\" data-elementor-lightbox-title=\"Free_Business_Card_Mockup_2\" data-e-action-hash=\"#elementor-action%3Aaction%3Dlightbox%26settings%3DeyJpZCI6MTU5NCwidXJsIjoiaHR0cHM6XC9cL3NlbWFjZXN0dWRpby5jb21cL3dwLWNvbnRlbnRcL3VwbG9hZHNcLzIwMjVcLzA2XC9GcmVlX0J1c2luZXNzX0NhcmRfTW9ja3VwXzIuanBnIiwic2xpZGVzaG93IjoiNzg4ZTQxY2MifQ%3D%3D\" href='https:\/\/semacestudio.com\/wp-content\/uploads\/2025\/06\/Free_Business_Card_Mockup_2.jpg'><img loading=\"lazy\" decoding=\"async\" width=\"1920\" height=\"1440\" src=\"https:\/\/semacestudio.com\/wp-content\/uploads\/2025\/06\/Free_Business_Card_Mockup_2.jpg\" class=\"attachment-full size-full\" alt=\"\" srcset=\"https:\/\/semacestudio.com\/wp-content\/uploads\/2025\/06\/Free_Business_Card_Mockup_2.jpg 1920w, https:\/\/semacestudio.com\/wp-content\/uploads\/2025\/06\/Free_Business_Card_Mockup_2-300x225.jpg 300w, https:\/\/semacestudio.com\/wp-content\/uploads\/2025\/06\/Free_Business_Card_Mockup_2-1024x768.jpg 1024w, https:\/\/semacestudio.com\/wp-content\/uploads\/2025\/06\/Free_Business_Card_Mockup_2-768x576.jpg 768w, https:\/\/semacestudio.com\/wp-content\/uploads\/2025\/06\/Free_Business_Card_Mockup_2-1536x1152.jpg 1536w\" sizes=\"(max-width: 1920px) 100vw, 1920px\" \/><\/a>\n\t\t\t<\/div><\/figure><figure class='gallery-item'>\n\t\t\t<div class='gallery-icon landscape'>\n\t\t\t\t<a data-elementor-open-lightbox=\"yes\" data-elementor-lightbox-slideshow=\"788e41cc\" data-elementor-lightbox-title=\"Beautiful-dog-food-bowl--4\" data-e-action-hash=\"#elementor-action%3Aaction%3Dlightbox%26settings%3DeyJpZCI6MTU5MywidXJsIjoiaHR0cHM6XC9cL3NlbWFjZXN0dWRpby5jb21cL3dwLWNvbnRlbnRcL3VwbG9hZHNcLzIwMjVcLzA2XC9CZWF1dGlmdWwtZG9nLWZvb2QtYm93bC00LmpwZyIsInNsaWRlc2hvdyI6Ijc4OGU0MWNjIn0%3D\" href='https:\/\/semacestudio.com\/wp-content\/uploads\/2025\/06\/Beautiful-dog-food-bowl-4.jpg'><img loading=\"lazy\" decoding=\"async\" width=\"1920\" height=\"1080\" src=\"https:\/\/semacestudio.com\/wp-content\/uploads\/2025\/06\/Beautiful-dog-food-bowl-4.jpg\" class=\"attachment-full size-full\" alt=\"\" srcset=\"https:\/\/semacestudio.com\/wp-content\/uploads\/2025\/06\/Beautiful-dog-food-bowl-4.jpg 1920w, https:\/\/semacestudio.com\/wp-content\/uploads\/2025\/06\/Beautiful-dog-food-bowl-4-300x169.jpg 300w, https:\/\/semacestudio.com\/wp-content\/uploads\/2025\/06\/Beautiful-dog-food-bowl-4-1024x576.jpg 1024w, https:\/\/semacestudio.com\/wp-content\/uploads\/2025\/06\/Beautiful-dog-food-bowl-4-768x432.jpg 768w, https:\/\/semacestudio.com\/wp-content\/uploads\/2025\/06\/Beautiful-dog-food-bowl-4-1536x864.jpg 1536w\" sizes=\"(max-width: 1920px) 100vw, 1920px\" \/><\/a>\n\t\t\t<\/div><\/figure><figure class='gallery-item'>\n\t\t\t<div class='gallery-icon landscape'>\n\t\t\t\t<a data-elementor-open-lightbox=\"yes\" data-elementor-lightbox-slideshow=\"788e41cc\" data-elementor-lightbox-title=\"Bag_on_the_Bench_Mockup\" data-e-action-hash=\"#elementor-action%3Aaction%3Dlightbox%26settings%3DeyJpZCI6MTU5MiwidXJsIjoiaHR0cHM6XC9cL3NlbWFjZXN0dWRpby5jb21cL3dwLWNvbnRlbnRcL3VwbG9hZHNcLzIwMjVcLzA2XC9CYWdfb25fdGhlX0JlbmNoX01vY2t1cC5qcGciLCJzbGlkZXNob3ciOiI3ODhlNDFjYyJ9\" href='https:\/\/semacestudio.com\/wp-content\/uploads\/2025\/06\/Bag_on_the_Bench_Mockup.jpg'><img loading=\"lazy\" decoding=\"async\" width=\"1920\" height=\"1280\" src=\"https:\/\/semacestudio.com\/wp-content\/uploads\/2025\/06\/Bag_on_the_Bench_Mockup.jpg\" class=\"attachment-full size-full\" alt=\"\" srcset=\"https:\/\/semacestudio.com\/wp-content\/uploads\/2025\/06\/Bag_on_the_Bench_Mockup.jpg 1920w, https:\/\/semacestudio.com\/wp-content\/uploads\/2025\/06\/Bag_on_the_Bench_Mockup-300x200.jpg 300w, https:\/\/semacestudio.com\/wp-content\/uploads\/2025\/06\/Bag_on_the_Bench_Mockup-1024x683.jpg 1024w, https:\/\/semacestudio.com\/wp-content\/uploads\/2025\/06\/Bag_on_the_Bench_Mockup-768x512.jpg 768w, https:\/\/semacestudio.com\/wp-content\/uploads\/2025\/06\/Bag_on_the_Bench_Mockup-1536x1024.jpg 1536w\" sizes=\"(max-width: 1920px) 100vw, 1920px\" \/><\/a>\n\t\t\t<\/div><\/figure>\n\t\t<\/div>\n\t\t<\/div>\n\t\t\t\t\t\t<\/div>\n\t\t\t\t<\/div>\n\t\t\t\t<\/div>\n\t\t\t\t<\/div>\n\t\t\t\t<\/div>\n\t\t","protected":false},"excerpt":{"rendered":"<p>Lukaspet Lukaspet es una marca vibrante y amigable dedicada al cuidado y bienestar de mascotas, destac\u00e1ndose por su enfoque en la pasi\u00f3n y el afecto hacia los animales. Su identidad visual, centrada en una paleta de colores distintiva de morados c\u00e1lidos y amarillos\/verdes vivos, junto con un imagotipo que fusiona un coraz\u00f3n y la silueta [&hellip;]<\/p>\n","protected":false},"author":1,"featured_media":1588,"parent":835,"menu_order":0,"comment_status":"closed","ping_status":"closed","template":"elementor_header_footer","meta":{"footnotes":""},"class_list":["post-1587","page","type-page","status-publish","has-post-thumbnail","hentry"],"blocksy_meta":[],"_links":{"self":[{"href":"https:\/\/semacestudio.com\/index.php?rest_route=\/wp\/v2\/pages\/1587","targetHints":{"allow":["GET"]}}],"collection":[{"href":"https:\/\/semacestudio.com\/index.php?rest_route=\/wp\/v2\/pages"}],"about":[{"href":"https:\/\/semacestudio.com\/index.php?rest_route=\/wp\/v2\/types\/page"}],"author":[{"embeddable":true,"href":"https:\/\/semacestudio.com\/index.php?rest_route=\/wp\/v2\/users\/1"}],"replies":[{"embeddable":true,"href":"https:\/\/semacestudio.com\/index.php?rest_route=%2Fwp%2Fv2%2Fcomments&post=1587"}],"version-history":[{"count":6,"href":"https:\/\/semacestudio.com\/index.php?rest_route=\/wp\/v2\/pages\/1587\/revisions"}],"predecessor-version":[{"id":1717,"href":"https:\/\/semacestudio.com\/index.php?rest_route=\/wp\/v2\/pages\/1587\/revisions\/1717"}],"up":[{"embeddable":true,"href":"https:\/\/semacestudio.com\/index.php?rest_route=\/wp\/v2\/pages\/835"}],"wp:featuredmedia":[{"embeddable":true,"href":"https:\/\/semacestudio.com\/index.php?rest_route=\/wp\/v2\/media\/1588"}],"wp:attachment":[{"href":"https:\/\/semacestudio.com\/index.php?rest_route=%2Fwp%2Fv2%2Fmedia&parent=1587"}],"curies":[{"name":"wp","href":"https:\/\/api.w.org\/{rel}","templated":true}]}}