{"id":1640,"date":"2025-06-14T23:57:06","date_gmt":"2025-06-14T21:57:06","guid":{"rendered":"https:\/\/semacestudio.com\/?page_id=1640"},"modified":"2025-06-15T06:08:30","modified_gmt":"2025-06-15T04:08:30","slug":"av-sonrisa","status":"publish","type":"page","link":"https:\/\/semacestudio.com\/?page_id=1640","title":{"rendered":"Av. Sonrisa"},"content":{"rendered":"\t\t<div data-elementor-type=\"wp-page\" data-elementor-id=\"1640\" class=\"elementor elementor-1640\" data-elementor-post-type=\"page\">\n\t\t\t\t<div class=\"elementor-element elementor-element-5496d5d e-con-full e-flex e-con e-parent\" data-id=\"5496d5d\" data-element_type=\"container\">\n\t\t\t\t<div class=\"elementor-element elementor-element-3c03996f elementor-widget elementor-widget-image\" data-id=\"3c03996f\" data-element_type=\"widget\" data-widget_type=\"image.default\">\n\t\t\t\t<div class=\"elementor-widget-container\">\n\t\t\t\t\t\t\t\t\t\t\t\t\t\t\t<img fetchpriority=\"high\" decoding=\"async\" width=\"1920\" height=\"1080\" src=\"https:\/\/semacestudio.com\/wp-content\/uploads\/2025\/06\/Av.Sonrisa-6.jpg\" class=\"attachment-full size-full wp-image-1654\" alt=\"\" srcset=\"https:\/\/semacestudio.com\/wp-content\/uploads\/2025\/06\/Av.Sonrisa-6.jpg 1920w, https:\/\/semacestudio.com\/wp-content\/uploads\/2025\/06\/Av.Sonrisa-6-300x169.jpg 300w, https:\/\/semacestudio.com\/wp-content\/uploads\/2025\/06\/Av.Sonrisa-6-1024x576.jpg 1024w, https:\/\/semacestudio.com\/wp-content\/uploads\/2025\/06\/Av.Sonrisa-6-768x432.jpg 768w, https:\/\/semacestudio.com\/wp-content\/uploads\/2025\/06\/Av.Sonrisa-6-1536x864.jpg 1536w\" sizes=\"(max-width: 1920px) 100vw, 1920px\" \/>\t\t\t\t\t\t\t\t\t\t\t\t\t\t\t<\/div>\n\t\t\t\t<\/div>\n\t\t\t\t<\/div>\n\t\t<div class=\"elementor-element elementor-element-55b6b33d e-flex e-con-boxed e-con e-parent\" data-id=\"55b6b33d\" data-element_type=\"container\">\n\t\t\t\t\t<div class=\"e-con-inner\">\n\t\t<div class=\"elementor-element elementor-element-ed170b e-con-full e-flex e-con e-child\" data-id=\"ed170b\" data-element_type=\"container\" data-settings=\"{&quot;sticky&quot;:&quot;top&quot;,&quot;sticky_on&quot;:[&quot;desktop&quot;],&quot;sticky_offset&quot;:120,&quot;sticky_parent&quot;:&quot;yes&quot;,&quot;sticky_effects_offset&quot;:0,&quot;sticky_anchor_link_offset&quot;:0}\">\n\t\t\t\t<div class=\"elementor-element elementor-element-2990f64d elementor-widget elementor-widget-heading\" data-id=\"2990f64d\" data-element_type=\"widget\" data-widget_type=\"heading.default\">\n\t\t\t\t<div class=\"elementor-widget-container\">\n\t\t\t\t\t<h2 class=\"elementor-heading-title elementor-size-default\">Av. Sonrisa<\/h2>\t\t\t\t<\/div>\n\t\t\t\t<\/div>\n\t\t\t\t<div class=\"elementor-element elementor-element-7f3ce244 elementor-widget elementor-widget-text-editor\" data-id=\"7f3ce244\" data-element_type=\"widget\" data-widget_type=\"text-editor.default\">\n\t\t\t\t<div class=\"elementor-widget-container\">\n\t\t\t\t\t\t\t\t\t<p>Av. Sonrisa es una cl\u00ednica de odontolog\u00eda y salud visual, concebida para abordar la \u00abansiedad\u00bb y el \u00abmiedo\u00bb asociados com\u00fanmente con las visitas al dentista.<\/p><p>Su propuesta de valor se centra en ofrecer una experiencia de confianza, calma y bienestar, buscando reducir la aprensi\u00f3n de sus pacientes.<\/p><p>La identidad visual se caracteriza por el uso predominante del color azul, que en la psicolog\u00eda del color, a menudo se asocia con la confianza, la calma y la seguridad.<\/p><p>El imagotipo combina la \u00abs de sonrisa\u00bb con una conexi\u00f3n visual a una se\u00f1al\u00e9tica, dado el naming.<\/p><p>El objetivo es comunicar una experiencia de salud dental y visual que prioriza la tranquilidad y la calidad para el paciente.<\/p>\t\t\t\t\t\t\t\t<\/div>\n\t\t\t\t<\/div>\n\t\t\t\t<\/div>\n\t\t<div class=\"elementor-element elementor-element-585265b8 e-con-full e-flex e-con e-child\" data-id=\"585265b8\" data-element_type=\"container\">\n\t\t\t\t<div class=\"elementor-element elementor-element-69dd16e0 elementor-widget elementor-widget-image-gallery\" data-id=\"69dd16e0\" data-element_type=\"widget\" data-widget_type=\"image-gallery.default\">\n\t\t\t\t<div class=\"elementor-widget-container\">\n\t\t\t\t\t\t\t<div class=\"elementor-image-gallery\">\n\t\t\t<div id='gallery-1' class='gallery galleryid-1640 gallery-columns-1 gallery-size-full'><figure class='gallery-item'>\n\t\t\t<div class='gallery-icon landscape'>\n\t\t\t\t<a data-elementor-open-lightbox=\"yes\" data-elementor-lightbox-slideshow=\"69dd16e0\" data-elementor-lightbox-title=\"Av.Sonrisa-1\" data-e-action-hash=\"#elementor-action%3Aaction%3Dlightbox%26settings%3DeyJpZCI6MTY0OSwidXJsIjoiaHR0cHM6XC9cL3NlbWFjZXN0dWRpby5jb21cL3dwLWNvbnRlbnRcL3VwbG9hZHNcLzIwMjVcLzA2XC9Bdi5Tb25yaXNhLTEuanBnIiwic2xpZGVzaG93IjoiNjlkZDE2ZTAifQ%3D%3D\" href='https:\/\/semacestudio.com\/wp-content\/uploads\/2025\/06\/Av.Sonrisa-1.jpg'><img decoding=\"async\" width=\"1920\" height=\"1080\" src=\"https:\/\/semacestudio.com\/wp-content\/uploads\/2025\/06\/Av.Sonrisa-1.jpg\" class=\"attachment-full size-full\" alt=\"\" srcset=\"https:\/\/semacestudio.com\/wp-content\/uploads\/2025\/06\/Av.Sonrisa-1.jpg 1920w, https:\/\/semacestudio.com\/wp-content\/uploads\/2025\/06\/Av.Sonrisa-1-300x169.jpg 300w, https:\/\/semacestudio.com\/wp-content\/uploads\/2025\/06\/Av.Sonrisa-1-1024x576.jpg 1024w, https:\/\/semacestudio.com\/wp-content\/uploads\/2025\/06\/Av.Sonrisa-1-768x432.jpg 768w, https:\/\/semacestudio.com\/wp-content\/uploads\/2025\/06\/Av.Sonrisa-1-1536x864.jpg 1536w\" sizes=\"(max-width: 1920px) 100vw, 1920px\" \/><\/a>\n\t\t\t<\/div><\/figure><figure class='gallery-item'>\n\t\t\t<div class='gallery-icon landscape'>\n\t\t\t\t<a data-elementor-open-lightbox=\"yes\" data-elementor-lightbox-slideshow=\"69dd16e0\" data-elementor-lightbox-title=\"Av.Sonrisa-2\" data-e-action-hash=\"#elementor-action%3Aaction%3Dlightbox%26settings%3DeyJpZCI6MTY1MCwidXJsIjoiaHR0cHM6XC9cL3NlbWFjZXN0dWRpby5jb21cL3dwLWNvbnRlbnRcL3VwbG9hZHNcLzIwMjVcLzA2XC9Bdi5Tb25yaXNhLTIuanBnIiwic2xpZGVzaG93IjoiNjlkZDE2ZTAifQ%3D%3D\" href='https:\/\/semacestudio.com\/wp-content\/uploads\/2025\/06\/Av.Sonrisa-2.jpg'><img decoding=\"async\" width=\"1920\" height=\"1080\" src=\"https:\/\/semacestudio.com\/wp-content\/uploads\/2025\/06\/Av.Sonrisa-2.jpg\" class=\"attachment-full size-full\" alt=\"\" srcset=\"https:\/\/semacestudio.com\/wp-content\/uploads\/2025\/06\/Av.Sonrisa-2.jpg 1920w, https:\/\/semacestudio.com\/wp-content\/uploads\/2025\/06\/Av.Sonrisa-2-300x169.jpg 300w, https:\/\/semacestudio.com\/wp-content\/uploads\/2025\/06\/Av.Sonrisa-2-1024x576.jpg 1024w, https:\/\/semacestudio.com\/wp-content\/uploads\/2025\/06\/Av.Sonrisa-2-768x432.jpg 768w, https:\/\/semacestudio.com\/wp-content\/uploads\/2025\/06\/Av.Sonrisa-2-1536x864.jpg 1536w\" sizes=\"(max-width: 1920px) 100vw, 1920px\" \/><\/a>\n\t\t\t<\/div><\/figure><figure class='gallery-item'>\n\t\t\t<div class='gallery-icon landscape'>\n\t\t\t\t<a data-elementor-open-lightbox=\"yes\" data-elementor-lightbox-slideshow=\"69dd16e0\" data-elementor-lightbox-title=\"Av.Sonrisa-3\" data-e-action-hash=\"#elementor-action%3Aaction%3Dlightbox%26settings%3DeyJpZCI6MTY1MSwidXJsIjoiaHR0cHM6XC9cL3NlbWFjZXN0dWRpby5jb21cL3dwLWNvbnRlbnRcL3VwbG9hZHNcLzIwMjVcLzA2XC9Bdi5Tb25yaXNhLTMuanBnIiwic2xpZGVzaG93IjoiNjlkZDE2ZTAifQ%3D%3D\" href='https:\/\/semacestudio.com\/wp-content\/uploads\/2025\/06\/Av.Sonrisa-3.jpg'><img loading=\"lazy\" decoding=\"async\" width=\"1920\" height=\"1080\" src=\"https:\/\/semacestudio.com\/wp-content\/uploads\/2025\/06\/Av.Sonrisa-3.jpg\" class=\"attachment-full size-full\" alt=\"\" srcset=\"https:\/\/semacestudio.com\/wp-content\/uploads\/2025\/06\/Av.Sonrisa-3.jpg 1920w, https:\/\/semacestudio.com\/wp-content\/uploads\/2025\/06\/Av.Sonrisa-3-300x169.jpg 300w, https:\/\/semacestudio.com\/wp-content\/uploads\/2025\/06\/Av.Sonrisa-3-1024x576.jpg 1024w, https:\/\/semacestudio.com\/wp-content\/uploads\/2025\/06\/Av.Sonrisa-3-768x432.jpg 768w, https:\/\/semacestudio.com\/wp-content\/uploads\/2025\/06\/Av.Sonrisa-3-1536x864.jpg 1536w\" sizes=\"(max-width: 1920px) 100vw, 1920px\" \/><\/a>\n\t\t\t<\/div><\/figure><figure class='gallery-item'>\n\t\t\t<div class='gallery-icon landscape'>\n\t\t\t\t<a data-elementor-open-lightbox=\"yes\" data-elementor-lightbox-slideshow=\"69dd16e0\" data-elementor-lightbox-title=\"Av.Sonrisa-4\" data-e-action-hash=\"#elementor-action%3Aaction%3Dlightbox%26settings%3DeyJpZCI6MTY1MiwidXJsIjoiaHR0cHM6XC9cL3NlbWFjZXN0dWRpby5jb21cL3dwLWNvbnRlbnRcL3VwbG9hZHNcLzIwMjVcLzA2XC9Bdi5Tb25yaXNhLTQuanBnIiwic2xpZGVzaG93IjoiNjlkZDE2ZTAifQ%3D%3D\" href='https:\/\/semacestudio.com\/wp-content\/uploads\/2025\/06\/Av.Sonrisa-4.jpg'><img loading=\"lazy\" decoding=\"async\" width=\"1920\" height=\"1080\" src=\"https:\/\/semacestudio.com\/wp-content\/uploads\/2025\/06\/Av.Sonrisa-4.jpg\" class=\"attachment-full size-full\" alt=\"\" srcset=\"https:\/\/semacestudio.com\/wp-content\/uploads\/2025\/06\/Av.Sonrisa-4.jpg 1920w, https:\/\/semacestudio.com\/wp-content\/uploads\/2025\/06\/Av.Sonrisa-4-300x169.jpg 300w, https:\/\/semacestudio.com\/wp-content\/uploads\/2025\/06\/Av.Sonrisa-4-1024x576.jpg 1024w, https:\/\/semacestudio.com\/wp-content\/uploads\/2025\/06\/Av.Sonrisa-4-768x432.jpg 768w, https:\/\/semacestudio.com\/wp-content\/uploads\/2025\/06\/Av.Sonrisa-4-1536x864.jpg 1536w\" sizes=\"(max-width: 1920px) 100vw, 1920px\" \/><\/a>\n\t\t\t<\/div><\/figure><figure class='gallery-item'>\n\t\t\t<div class='gallery-icon landscape'>\n\t\t\t\t<a data-elementor-open-lightbox=\"yes\" data-elementor-lightbox-slideshow=\"69dd16e0\" data-elementor-lightbox-title=\"Av.Sonrisa-5\" data-e-action-hash=\"#elementor-action%3Aaction%3Dlightbox%26settings%3DeyJpZCI6MTY1MywidXJsIjoiaHR0cHM6XC9cL3NlbWFjZXN0dWRpby5jb21cL3dwLWNvbnRlbnRcL3VwbG9hZHNcLzIwMjVcLzA2XC9Bdi5Tb25yaXNhLTUuanBnIiwic2xpZGVzaG93IjoiNjlkZDE2ZTAifQ%3D%3D\" href='https:\/\/semacestudio.com\/wp-content\/uploads\/2025\/06\/Av.Sonrisa-5.jpg'><img loading=\"lazy\" decoding=\"async\" width=\"1920\" height=\"1080\" src=\"https:\/\/semacestudio.com\/wp-content\/uploads\/2025\/06\/Av.Sonrisa-5.jpg\" class=\"attachment-full size-full\" alt=\"\" srcset=\"https:\/\/semacestudio.com\/wp-content\/uploads\/2025\/06\/Av.Sonrisa-5.jpg 1920w, https:\/\/semacestudio.com\/wp-content\/uploads\/2025\/06\/Av.Sonrisa-5-300x169.jpg 300w, https:\/\/semacestudio.com\/wp-content\/uploads\/2025\/06\/Av.Sonrisa-5-1024x576.jpg 1024w, https:\/\/semacestudio.com\/wp-content\/uploads\/2025\/06\/Av.Sonrisa-5-768x432.jpg 768w, https:\/\/semacestudio.com\/wp-content\/uploads\/2025\/06\/Av.Sonrisa-5-1536x864.jpg 1536w\" sizes=\"(max-width: 1920px) 100vw, 1920px\" \/><\/a>\n\t\t\t<\/div><\/figure><figure class='gallery-item'>\n\t\t\t<div class='gallery-icon landscape'>\n\t\t\t\t<a data-elementor-open-lightbox=\"yes\" data-elementor-lightbox-slideshow=\"69dd16e0\" data-elementor-lightbox-title=\"Plastic_ID_Card_Mockup_3\" data-e-action-hash=\"#elementor-action%3Aaction%3Dlightbox%26settings%3DeyJpZCI6MTY0OCwidXJsIjoiaHR0cHM6XC9cL3NlbWFjZXN0dWRpby5jb21cL3dwLWNvbnRlbnRcL3VwbG9hZHNcLzIwMjVcLzA2XC9QbGFzdGljX0lEX0NhcmRfTW9ja3VwXzMuanBnIiwic2xpZGVzaG93IjoiNjlkZDE2ZTAifQ%3D%3D\" href='https:\/\/semacestudio.com\/wp-content\/uploads\/2025\/06\/Plastic_ID_Card_Mockup_3.jpg'><img loading=\"lazy\" decoding=\"async\" width=\"1920\" height=\"1440\" src=\"https:\/\/semacestudio.com\/wp-content\/uploads\/2025\/06\/Plastic_ID_Card_Mockup_3.jpg\" class=\"attachment-full size-full\" alt=\"\" srcset=\"https:\/\/semacestudio.com\/wp-content\/uploads\/2025\/06\/Plastic_ID_Card_Mockup_3.jpg 1920w, https:\/\/semacestudio.com\/wp-content\/uploads\/2025\/06\/Plastic_ID_Card_Mockup_3-300x225.jpg 300w, https:\/\/semacestudio.com\/wp-content\/uploads\/2025\/06\/Plastic_ID_Card_Mockup_3-1024x768.jpg 1024w, https:\/\/semacestudio.com\/wp-content\/uploads\/2025\/06\/Plastic_ID_Card_Mockup_3-768x576.jpg 768w, https:\/\/semacestudio.com\/wp-content\/uploads\/2025\/06\/Plastic_ID_Card_Mockup_3-1536x1152.jpg 1536w\" sizes=\"(max-width: 1920px) 100vw, 1920px\" \/><\/a>\n\t\t\t<\/div><\/figure><figure class='gallery-item'>\n\t\t\t<div class='gallery-icon landscape'>\n\t\t\t\t<a data-elementor-open-lightbox=\"yes\" data-elementor-lightbox-slideshow=\"69dd16e0\" data-elementor-lightbox-title=\"Free_Business_Card_Mockup_3\" data-e-action-hash=\"#elementor-action%3Aaction%3Dlightbox%26settings%3DeyJpZCI6MTY0MywidXJsIjoiaHR0cHM6XC9cL3NlbWFjZXN0dWRpby5jb21cL3dwLWNvbnRlbnRcL3VwbG9hZHNcLzIwMjVcLzA2XC9GcmVlX0J1c2luZXNzX0NhcmRfTW9ja3VwXzMtMS5qcGciLCJzbGlkZXNob3ciOiI2OWRkMTZlMCJ9\" href='https:\/\/semacestudio.com\/wp-content\/uploads\/2025\/06\/Free_Business_Card_Mockup_3-1.jpg'><img loading=\"lazy\" decoding=\"async\" width=\"1920\" height=\"1440\" src=\"https:\/\/semacestudio.com\/wp-content\/uploads\/2025\/06\/Free_Business_Card_Mockup_3-1.jpg\" class=\"attachment-full size-full\" alt=\"\" srcset=\"https:\/\/semacestudio.com\/wp-content\/uploads\/2025\/06\/Free_Business_Card_Mockup_3-1.jpg 1920w, https:\/\/semacestudio.com\/wp-content\/uploads\/2025\/06\/Free_Business_Card_Mockup_3-1-300x225.jpg 300w, https:\/\/semacestudio.com\/wp-content\/uploads\/2025\/06\/Free_Business_Card_Mockup_3-1-1024x768.jpg 1024w, https:\/\/semacestudio.com\/wp-content\/uploads\/2025\/06\/Free_Business_Card_Mockup_3-1-768x576.jpg 768w, https:\/\/semacestudio.com\/wp-content\/uploads\/2025\/06\/Free_Business_Card_Mockup_3-1-1536x1152.jpg 1536w\" sizes=\"(max-width: 1920px) 100vw, 1920px\" \/><\/a>\n\t\t\t<\/div><\/figure><figure class='gallery-item'>\n\t\t\t<div class='gallery-icon landscape'>\n\t\t\t\t<a data-elementor-open-lightbox=\"yes\" data-elementor-lightbox-slideshow=\"69dd16e0\" data-elementor-lightbox-title=\"Free_Mug_Mockup_5\" data-e-action-hash=\"#elementor-action%3Aaction%3Dlightbox%26settings%3DeyJpZCI6MTY0NSwidXJsIjoiaHR0cHM6XC9cL3NlbWFjZXN0dWRpby5jb21cL3dwLWNvbnRlbnRcL3VwbG9hZHNcLzIwMjVcLzA2XC9GcmVlX011Z19Nb2NrdXBfNS5qcGciLCJzbGlkZXNob3ciOiI2OWRkMTZlMCJ9\" href='https:\/\/semacestudio.com\/wp-content\/uploads\/2025\/06\/Free_Mug_Mockup_5.jpg'><img loading=\"lazy\" decoding=\"async\" width=\"1920\" height=\"1440\" src=\"https:\/\/semacestudio.com\/wp-content\/uploads\/2025\/06\/Free_Mug_Mockup_5.jpg\" class=\"attachment-full size-full\" alt=\"\" srcset=\"https:\/\/semacestudio.com\/wp-content\/uploads\/2025\/06\/Free_Mug_Mockup_5.jpg 1920w, https:\/\/semacestudio.com\/wp-content\/uploads\/2025\/06\/Free_Mug_Mockup_5-300x225.jpg 300w, https:\/\/semacestudio.com\/wp-content\/uploads\/2025\/06\/Free_Mug_Mockup_5-1024x768.jpg 1024w, https:\/\/semacestudio.com\/wp-content\/uploads\/2025\/06\/Free_Mug_Mockup_5-768x576.jpg 768w, https:\/\/semacestudio.com\/wp-content\/uploads\/2025\/06\/Free_Mug_Mockup_5-1536x1152.jpg 1536w\" sizes=\"(max-width: 1920px) 100vw, 1920px\" \/><\/a>\n\t\t\t<\/div><\/figure><figure class='gallery-item'>\n\t\t\t<div class='gallery-icon landscape'>\n\t\t\t\t<a data-elementor-open-lightbox=\"yes\" data-elementor-lightbox-slideshow=\"69dd16e0\" data-elementor-lightbox-title=\"Free_Square_Signboard_Mockup_2\" data-e-action-hash=\"#elementor-action%3Aaction%3Dlightbox%26settings%3DeyJpZCI6MTY0NiwidXJsIjoiaHR0cHM6XC9cL3NlbWFjZXN0dWRpby5jb21cL3dwLWNvbnRlbnRcL3VwbG9hZHNcLzIwMjVcLzA2XC9GcmVlX1NxdWFyZV9TaWduYm9hcmRfTW9ja3VwXzItMS5qcGciLCJzbGlkZXNob3ciOiI2OWRkMTZlMCJ9\" href='https:\/\/semacestudio.com\/wp-content\/uploads\/2025\/06\/Free_Square_Signboard_Mockup_2-1.jpg'><img loading=\"lazy\" decoding=\"async\" width=\"1920\" height=\"1440\" src=\"https:\/\/semacestudio.com\/wp-content\/uploads\/2025\/06\/Free_Square_Signboard_Mockup_2-1.jpg\" class=\"attachment-full size-full\" alt=\"\" srcset=\"https:\/\/semacestudio.com\/wp-content\/uploads\/2025\/06\/Free_Square_Signboard_Mockup_2-1.jpg 1920w, https:\/\/semacestudio.com\/wp-content\/uploads\/2025\/06\/Free_Square_Signboard_Mockup_2-1-300x225.jpg 300w, https:\/\/semacestudio.com\/wp-content\/uploads\/2025\/06\/Free_Square_Signboard_Mockup_2-1-1024x768.jpg 1024w, https:\/\/semacestudio.com\/wp-content\/uploads\/2025\/06\/Free_Square_Signboard_Mockup_2-1-768x576.jpg 768w, https:\/\/semacestudio.com\/wp-content\/uploads\/2025\/06\/Free_Square_Signboard_Mockup_2-1-1536x1152.jpg 1536w\" sizes=\"(max-width: 1920px) 100vw, 1920px\" \/><\/a>\n\t\t\t<\/div><\/figure><figure class='gallery-item'>\n\t\t\t<div class='gallery-icon landscape'>\n\t\t\t\t<a data-elementor-open-lightbox=\"yes\" data-elementor-lightbox-slideshow=\"69dd16e0\" data-elementor-lightbox-title=\"Outdoor_A-Stand_Mockup_4\" data-e-action-hash=\"#elementor-action%3Aaction%3Dlightbox%26settings%3DeyJpZCI6MTY0NywidXJsIjoiaHR0cHM6XC9cL3NlbWFjZXN0dWRpby5jb21cL3dwLWNvbnRlbnRcL3VwbG9hZHNcLzIwMjVcLzA2XC9PdXRkb29yX0EtU3RhbmRfTW9ja3VwXzQuanBnIiwic2xpZGVzaG93IjoiNjlkZDE2ZTAifQ%3D%3D\" href='https:\/\/semacestudio.com\/wp-content\/uploads\/2025\/06\/Outdoor_A-Stand_Mockup_4.jpg'><img loading=\"lazy\" decoding=\"async\" width=\"1920\" height=\"1440\" src=\"https:\/\/semacestudio.com\/wp-content\/uploads\/2025\/06\/Outdoor_A-Stand_Mockup_4.jpg\" class=\"attachment-full size-full\" alt=\"\" srcset=\"https:\/\/semacestudio.com\/wp-content\/uploads\/2025\/06\/Outdoor_A-Stand_Mockup_4.jpg 1920w, https:\/\/semacestudio.com\/wp-content\/uploads\/2025\/06\/Outdoor_A-Stand_Mockup_4-300x225.jpg 300w, https:\/\/semacestudio.com\/wp-content\/uploads\/2025\/06\/Outdoor_A-Stand_Mockup_4-1024x768.jpg 1024w, https:\/\/semacestudio.com\/wp-content\/uploads\/2025\/06\/Outdoor_A-Stand_Mockup_4-768x576.jpg 768w, https:\/\/semacestudio.com\/wp-content\/uploads\/2025\/06\/Outdoor_A-Stand_Mockup_4-1536x1152.jpg 1536w\" sizes=\"(max-width: 1920px) 100vw, 1920px\" \/><\/a>\n\t\t\t<\/div><\/figure><figure class='gallery-item'>\n\t\t\t<div class='gallery-icon landscape'>\n\t\t\t\t<a data-elementor-open-lightbox=\"yes\" data-elementor-lightbox-slideshow=\"69dd16e0\" data-elementor-lightbox-title=\"Free_Glass_Sign_Mockup_3\" data-e-action-hash=\"#elementor-action%3Aaction%3Dlightbox%26settings%3DeyJpZCI6MTY0NCwidXJsIjoiaHR0cHM6XC9cL3NlbWFjZXN0dWRpby5jb21cL3dwLWNvbnRlbnRcL3VwbG9hZHNcLzIwMjVcLzA2XC9GcmVlX0dsYXNzX1NpZ25fTW9ja3VwXzMuanBnIiwic2xpZGVzaG93IjoiNjlkZDE2ZTAifQ%3D%3D\" href='https:\/\/semacestudio.com\/wp-content\/uploads\/2025\/06\/Free_Glass_Sign_Mockup_3.jpg'><img loading=\"lazy\" decoding=\"async\" width=\"1920\" height=\"1440\" src=\"https:\/\/semacestudio.com\/wp-content\/uploads\/2025\/06\/Free_Glass_Sign_Mockup_3.jpg\" class=\"attachment-full size-full\" alt=\"\" srcset=\"https:\/\/semacestudio.com\/wp-content\/uploads\/2025\/06\/Free_Glass_Sign_Mockup_3.jpg 1920w, https:\/\/semacestudio.com\/wp-content\/uploads\/2025\/06\/Free_Glass_Sign_Mockup_3-300x225.jpg 300w, https:\/\/semacestudio.com\/wp-content\/uploads\/2025\/06\/Free_Glass_Sign_Mockup_3-1024x768.jpg 1024w, https:\/\/semacestudio.com\/wp-content\/uploads\/2025\/06\/Free_Glass_Sign_Mockup_3-768x576.jpg 768w, https:\/\/semacestudio.com\/wp-content\/uploads\/2025\/06\/Free_Glass_Sign_Mockup_3-1536x1152.jpg 1536w\" sizes=\"(max-width: 1920px) 100vw, 1920px\" \/><\/a>\n\t\t\t<\/div><\/figure>\n\t\t<\/div>\n\t\t<\/div>\n\t\t\t\t\t\t<\/div>\n\t\t\t\t<\/div>\n\t\t\t\t<\/div>\n\t\t\t\t\t<\/div>\n\t\t\t\t<\/div>\n\t\t\t\t<\/div>\n\t\t","protected":false},"excerpt":{"rendered":"<p>Av. Sonrisa Av. Sonrisa es una cl\u00ednica de odontolog\u00eda y salud visual, concebida para abordar la \u00abansiedad\u00bb y el \u00abmiedo\u00bb asociados com\u00fanmente con las visitas al dentista. Su propuesta de valor se centra en ofrecer una experiencia de confianza, calma y bienestar, buscando reducir la aprensi\u00f3n de sus pacientes. La identidad visual se caracteriza por [&hellip;]<\/p>\n","protected":false},"author":1,"featured_media":1643,"parent":835,"menu_order":0,"comment_status":"closed","ping_status":"closed","template":"elementor_header_footer","meta":{"footnotes":""},"class_list":["post-1640","page","type-page","status-publish","has-post-thumbnail","hentry"],"blocksy_meta":[],"_links":{"self":[{"href":"https:\/\/semacestudio.com\/index.php?rest_route=\/wp\/v2\/pages\/1640","targetHints":{"allow":["GET"]}}],"collection":[{"href":"https:\/\/semacestudio.com\/index.php?rest_route=\/wp\/v2\/pages"}],"about":[{"href":"https:\/\/semacestudio.com\/index.php?rest_route=\/wp\/v2\/types\/page"}],"author":[{"embeddable":true,"href":"https:\/\/semacestudio.com\/index.php?rest_route=\/wp\/v2\/users\/1"}],"replies":[{"embeddable":true,"href":"https:\/\/semacestudio.com\/index.php?rest_route=%2Fwp%2Fv2%2Fcomments&post=1640"}],"version-history":[{"count":4,"href":"https:\/\/semacestudio.com\/index.php?rest_route=\/wp\/v2\/pages\/1640\/revisions"}],"predecessor-version":[{"id":1657,"href":"https:\/\/semacestudio.com\/index.php?rest_route=\/wp\/v2\/pages\/1640\/revisions\/1657"}],"up":[{"embeddable":true,"href":"https:\/\/semacestudio.com\/index.php?rest_route=\/wp\/v2\/pages\/835"}],"wp:featuredmedia":[{"embeddable":true,"href":"https:\/\/semacestudio.com\/index.php?rest_route=\/wp\/v2\/media\/1643"}],"wp:attachment":[{"href":"https:\/\/semacestudio.com\/index.php?rest_route=%2Fwp%2Fv2%2Fmedia&parent=1640"}],"curies":[{"name":"wp","href":"https:\/\/api.w.org\/{rel}","templated":true}]}}